{"id":1718,"date":"2018-02-02T13:48:23","date_gmt":"2018-02-02T12:48:23","guid":{"rendered":"http:\/\/www.eldoradonachod.info\/str\/?page_id=1718"},"modified":"2023-09-08T00:46:21","modified_gmt":"2023-09-07T22:46:21","slug":"pronajem-tz-studanka","status":"publish","type":"page","link":"https:\/\/www.eldoradonachod.info\/str\/taborova-zakladna-studanka\/pronajem-tz-studanka\/","title":{"rendered":"Pron\u00e1jem &#8211; TZ Stud\u00e1nka"},"content":{"rendered":"<p><span style=\"color: #ff9900; font-size: 14pt;\">n\u011bco m\u00e1lo o t\u00e1bo\u0159i\u0161ti<\/span><\/p>\n<ul>\n<li><span style=\"font-size: 10pt;\">najdete kliknut\u00edm <a href=\"https:\/\/www.tabor-legenda.cz\/index.php\/taboriste\" target=\"_blank\" rel=\"noopener\">zde<\/a><\/span><\/li>\n<\/ul>\n<p>&nbsp;<\/p>\n<div>\n<p><span style=\"color: #ff9900; font-size: 14pt;\">letn\u00ed pr\u00e1zdniny (pr\u00e1zdniny 2024 obsazeny)<\/span><\/p>\n<ul>\n<li><span style=\"font-size: 10pt;\">p\u0159\u00edjemn\u00e9 lesn\u00ed prost\u0159ed\u00ed pobl\u00ed\u017e Teplicko &#8211; Adr\u0161pa\u0161sk\u00fdch skal<\/span><\/li>\n<li><span style=\"font-size: 10pt;\">kapacita 50 &#8211; 110 osob (a\u017e 10 v hlavn\u00ed budov\u011b, 45&nbsp;v&nbsp;chatk\u00e1ch, 55 ve&nbsp;stanech)<\/span><\/li>\n<li><span style=\"font-size: 10pt;\">hlavn\u00ed budova (st\u00e1l\u00e1 kuchy\u0148, j\u00eddelna, spole\u010densk\u00e1 m\u00edstnost, m\u00edsto pro hospod\u00e1\u0159e i hl. vedouc\u00edho, p\u016fdn\u00ed prostory pro span\u00ed i jin\u00e9 vyu\u017eit\u00ed)<\/span><\/li>\n<li><span style=\"font-size: 10pt;\">sauna, kryt\u00e1 um\u00fdv\u00e1rna<\/span><\/li>\n<li><span style=\"font-size: 10pt;\">elekt\u0159ina, pramenit\u00e1 voda kontrolovan\u00e1 OHS<\/span><\/li>\n<li><span style=\"font-size: 10pt;\">h\u0159i\u0161t\u011b, sportovn\u00ed vybaven\u00ed<\/span><\/li>\n<li><span style=\"font-size: 10pt;\">n\u00e1jemn\u00e9 a ceny &#8211;&nbsp;<a href=\"https:\/\/docs.google.com\/spreadsheets\/d\/e\/2PACX-1vTiknudK3RIZusPXZvQzL2jhtmGMWU2ihV2QYgTQEuXwzPnJsj-ZNO9cyaj0kvxWikcdgSrwEGvcmFt\/pubhtml\" target=\"_blank\" rel=\"noopener noreferrer\">klikni na tento odkaz<\/a><\/span><\/li>\n<\/ul>\n<p>&nbsp;<\/p>\n<p><span style=\"color: #ff9900; font-size: 14pt;\">v\u00edkendy a jin\u00e9 akce<\/span><\/p>\n<ul>\n<li><span style=\"font-size: 10pt;\">mimo obdob\u00ed letn\u00edch pr\u00e1zdnin nestoj\u00ed stany<\/span><br \/>\n<span style=\"font-size: 10pt;\"> (kapacita: horn\u00ed t\u00e1bor &#8211; 24 postel\u00ed, spodn\u00ed t\u00e1bor &#8211; 25 postel\u00ed, hlavn\u00ed budova a\u017e 10 postel\u00ed + mo\u017en\u00e9 span\u00ed na zemi na molitanech)<\/span><br \/>\n<span style=\"font-size: 10pt;\">Upozor\u0148ujeme, \u017ee chati\u010dky jsou vybaveny pro po\u0159\u00e1d\u00e1n\u00ed t\u00e1bor\u016f, tedy jako lep\u0161\u00ed stan, ne\u010dekejte \u017e\u00e1dn\u00fd hotel!<\/span><\/li>\n<li><span style=\"font-size: 10pt;\">z\u00e1kladna nen\u00ed vybavena pro zimn\u00ed provoz<\/span><\/li>\n<li><span style=\"font-size: 10pt;\">n\u00e1jemn\u00e9 a ceny &#8211;&nbsp;<a href=\"https:\/\/docs.google.com\/spreadsheets\/d\/e\/2PACX-1vTiknudK3RIZusPXZvQzL2jhtmGMWU2ihV2QYgTQEuXwzPnJsj-ZNO9cyaj0kvxWikcdgSrwEGvcmFt\/pubhtml\" target=\"_blank\" rel=\"noopener noreferrer\">klikni na tento odkaz<\/a><\/span><\/li>\n<\/ul>\n<\/div>\n<div>&nbsp;<\/div>\n<div>Bli\u017e\u0161\u00ed informace naca@eldorado.cz<\/div>\n","protected":false},"excerpt":{"rendered":"<p>n\u011bco m\u00e1lo o t\u00e1bo\u0159i\u0161ti najdete kliknut\u00edm zde &nbsp; letn\u00ed pr\u00e1zdniny (pr\u00e1zdniny 2024 obsazeny) p\u0159\u00edjemn\u00e9 lesn\u00ed prost\u0159ed\u00ed pobl\u00ed\u017e Teplicko &#8211; Adr\u0161pa\u0161sk\u00fdch skal kapacita 50 &#8211; 110 osob (a\u017e 10 v hlavn\u00ed budov\u011b, 45&nbsp;v&nbsp;chatk\u00e1ch, 55 ve&nbsp;stanech) hlavn\u00ed budova (st\u00e1l\u00e1 kuchy\u0148, j\u00eddelna, spole\u010densk\u00e1&#8230;<br \/><a class=\"read-more-button\" href=\"https:\/\/www.eldoradonachod.info\/str\/taborova-zakladna-studanka\/pronajem-tz-studanka\/\">\u010c\u00edst v\u00edce<\/a><\/p>\n","protected":false},"author":1,"featured_media":0,"parent":1032,"menu_order":0,"comment_status":"closed","ping_status":"closed","template":"","meta":{"ngg_post_thumbnail":0,"footnotes":""},"class_list":["post-1718","page","type-page","status-publish","hentry"],"yoast_head":"<!-- This site is optimized with the Yoast SEO plugin v27.2 - https:\/\/yoast.com\/product\/yoast-seo-wordpress\/ -->\n<title>Pron\u00e1jem - TZ Stud\u00e1nka - Eldor\u00e1do, st\u0159edisko N\u00e1chod<\/title>\n<meta name=\"robots\" content=\"index, follow, max-snippet:-1, max-image-preview:large, max-video-preview:-1\" \/>\n<link rel=\"canonical\" href=\"https:\/\/www.eldoradonachod.info\/str\/taborova-zakladna-studanka\/pronajem-tz-studanka\/\" \/>\n<meta property=\"og:locale\" content=\"cs_CZ\" \/>\n<meta property=\"og:type\" content=\"article\" \/>\n<meta property=\"og:title\" content=\"Pron\u00e1jem - TZ Stud\u00e1nka - Eldor\u00e1do, st\u0159edisko N\u00e1chod\" \/>\n<meta property=\"og:description\" content=\"n\u011bco m\u00e1lo o t\u00e1bo\u0159i\u0161ti najdete kliknut\u00edm zde &nbsp; letn\u00ed pr\u00e1zdniny (pr\u00e1zdniny 2024 obsazeny) p\u0159\u00edjemn\u00e9 lesn\u00ed prost\u0159ed\u00ed pobl\u00ed\u017e Teplicko &#8211; Adr\u0161pa\u0161sk\u00fdch skal kapacita 50 &#8211; 110 osob (a\u017e 10 v hlavn\u00ed budov\u011b, 45&nbsp;v&nbsp;chatk\u00e1ch, 55 ve&nbsp;stanech) hlavn\u00ed budova (st\u00e1l\u00e1 kuchy\u0148, j\u00eddelna, spole\u010densk\u00e1...\u010c\u00edst v\u00edce\" \/>\n<meta property=\"og:url\" content=\"https:\/\/www.eldoradonachod.info\/str\/taborova-zakladna-studanka\/pronajem-tz-studanka\/\" \/>\n<meta property=\"og:site_name\" content=\"Eldor\u00e1do, st\u0159edisko N\u00e1chod\" \/>\n<meta property=\"article:publisher\" content=\"https:\/\/www.facebook.com\/EldoNachod\" \/>\n<meta property=\"article:modified_time\" content=\"2023-09-07T22:46:21+00:00\" \/>\n<meta property=\"og:image\" content=\"https:\/\/www.eldoradonachod.info\/str\/wp-content\/uploads\/2016\/12\/logo.png\" \/>\n\t<meta property=\"og:image:width\" content=\"205\" \/>\n\t<meta property=\"og:image:height\" content=\"205\" \/>\n\t<meta property=\"og:image:type\" content=\"image\/png\" \/>\n<meta name=\"twitter:card\" content=\"summary_large_image\" \/>\n<meta name=\"twitter:label1\" content=\"Odhadovan\u00e1 doba \u010dten\u00ed\" \/>\n\t<meta name=\"twitter:data1\" content=\"1 minuta\" \/>\n<script type=\"application\/ld+json\" class=\"yoast-schema-graph\">{\"@context\":\"https:\/\/schema.org\",\"@graph\":[{\"@type\":\"WebPage\",\"@id\":\"https:\/\/www.eldoradonachod.info\/str\/taborova-zakladna-studanka\/pronajem-tz-studanka\/\",\"url\":\"https:\/\/www.eldoradonachod.info\/str\/taborova-zakladna-studanka\/pronajem-tz-studanka\/\",\"name\":\"Pron\u00e1jem - TZ Stud\u00e1nka - Eldor\u00e1do, st\u0159edisko N\u00e1chod\",\"isPartOf\":{\"@id\":\"https:\/\/www.eldoradonachod.info\/str\/#website\"},\"datePublished\":\"2018-02-02T12:48:23+00:00\",\"dateModified\":\"2023-09-07T22:46:21+00:00\",\"breadcrumb\":{\"@id\":\"https:\/\/www.eldoradonachod.info\/str\/taborova-zakladna-studanka\/pronajem-tz-studanka\/#breadcrumb\"},\"inLanguage\":\"cs\",\"potentialAction\":[{\"@type\":\"ReadAction\",\"target\":[\"https:\/\/www.eldoradonachod.info\/str\/taborova-zakladna-studanka\/pronajem-tz-studanka\/\"]}]},{\"@type\":\"BreadcrumbList\",\"@id\":\"https:\/\/www.eldoradonachod.info\/str\/taborova-zakladna-studanka\/pronajem-tz-studanka\/#breadcrumb\",\"itemListElement\":[{\"@type\":\"ListItem\",\"position\":1,\"name\":\"Dom\u016f\",\"item\":\"https:\/\/www.eldoradonachod.info\/str\/\"},{\"@type\":\"ListItem\",\"position\":2,\"name\":\"T\u00e1borov\u00e1 z\u00e1kladna &#8211; Stud\u00e1nka\",\"item\":\"https:\/\/www.eldoradonachod.info\/str\/taborova-zakladna-studanka\/\"},{\"@type\":\"ListItem\",\"position\":3,\"name\":\"Pron\u00e1jem &#8211; TZ Stud\u00e1nka\"}]},{\"@type\":\"WebSite\",\"@id\":\"https:\/\/www.eldoradonachod.info\/str\/#website\",\"url\":\"https:\/\/www.eldoradonachod.info\/str\/\",\"name\":\"Eldor\u00e1do, st\u0159edisko N\u00e1chod\",\"description\":\"\",\"publisher\":{\"@id\":\"https:\/\/www.eldoradonachod.info\/str\/#organization\"},\"potentialAction\":[{\"@type\":\"SearchAction\",\"target\":{\"@type\":\"EntryPoint\",\"urlTemplate\":\"https:\/\/www.eldoradonachod.info\/str\/?s={search_term_string}\"},\"query-input\":{\"@type\":\"PropertyValueSpecification\",\"valueRequired\":true,\"valueName\":\"search_term_string\"}}],\"inLanguage\":\"cs\"},{\"@type\":\"Organization\",\"@id\":\"https:\/\/www.eldoradonachod.info\/str\/#organization\",\"name\":\"Eldor\u00e1do, st\u0159edisko N\u00e1chod\",\"url\":\"https:\/\/www.eldoradonachod.info\/str\/\",\"logo\":{\"@type\":\"ImageObject\",\"inLanguage\":\"cs\",\"@id\":\"https:\/\/www.eldoradonachod.info\/str\/#\/schema\/logo\/image\/\",\"url\":\"https:\/\/www.eldoradonachod.info\/str\/wp-content\/uploads\/2016\/12\/logo.png\",\"contentUrl\":\"https:\/\/www.eldoradonachod.info\/str\/wp-content\/uploads\/2016\/12\/logo.png\",\"width\":205,\"height\":205,\"caption\":\"Eldor\u00e1do, st\u0159edisko N\u00e1chod\"},\"image\":{\"@id\":\"https:\/\/www.eldoradonachod.info\/str\/#\/schema\/logo\/image\/\"},\"sameAs\":[\"https:\/\/www.facebook.com\/EldoNachod\"]}]}<\/script>\n<!-- \/ Yoast SEO plugin. -->","yoast_head_json":{"title":"Pron\u00e1jem - TZ Stud\u00e1nka - Eldor\u00e1do, st\u0159edisko N\u00e1chod","robots":{"index":"index","follow":"follow","max-snippet":"max-snippet:-1","max-image-preview":"max-image-preview:large","max-video-preview":"max-video-preview:-1"},"canonical":"https:\/\/www.eldoradonachod.info\/str\/taborova-zakladna-studanka\/pronajem-tz-studanka\/","og_locale":"cs_CZ","og_type":"article","og_title":"Pron\u00e1jem - TZ Stud\u00e1nka - Eldor\u00e1do, st\u0159edisko N\u00e1chod","og_description":"n\u011bco m\u00e1lo o t\u00e1bo\u0159i\u0161ti najdete kliknut\u00edm zde &nbsp; letn\u00ed pr\u00e1zdniny (pr\u00e1zdniny 2024 obsazeny) p\u0159\u00edjemn\u00e9 lesn\u00ed prost\u0159ed\u00ed pobl\u00ed\u017e Teplicko &#8211; Adr\u0161pa\u0161sk\u00fdch skal kapacita 50 &#8211; 110 osob (a\u017e 10 v hlavn\u00ed budov\u011b, 45&nbsp;v&nbsp;chatk\u00e1ch, 55 ve&nbsp;stanech) hlavn\u00ed budova (st\u00e1l\u00e1 kuchy\u0148, j\u00eddelna, spole\u010densk\u00e1...\u010c\u00edst v\u00edce","og_url":"https:\/\/www.eldoradonachod.info\/str\/taborova-zakladna-studanka\/pronajem-tz-studanka\/","og_site_name":"Eldor\u00e1do, st\u0159edisko N\u00e1chod","article_publisher":"https:\/\/www.facebook.com\/EldoNachod","article_modified_time":"2023-09-07T22:46:21+00:00","og_image":[{"width":205,"height":205,"url":"https:\/\/www.eldoradonachod.info\/str\/wp-content\/uploads\/2016\/12\/logo.png","type":"image\/png"}],"twitter_card":"summary_large_image","twitter_misc":{"Odhadovan\u00e1 doba \u010dten\u00ed":"1 minuta"},"schema":{"@context":"https:\/\/schema.org","@graph":[{"@type":"WebPage","@id":"https:\/\/www.eldoradonachod.info\/str\/taborova-zakladna-studanka\/pronajem-tz-studanka\/","url":"https:\/\/www.eldoradonachod.info\/str\/taborova-zakladna-studanka\/pronajem-tz-studanka\/","name":"Pron\u00e1jem - TZ Stud\u00e1nka - Eldor\u00e1do, st\u0159edisko N\u00e1chod","isPartOf":{"@id":"https:\/\/www.eldoradonachod.info\/str\/#website"},"datePublished":"2018-02-02T12:48:23+00:00","dateModified":"2023-09-07T22:46:21+00:00","breadcrumb":{"@id":"https:\/\/www.eldoradonachod.info\/str\/taborova-zakladna-studanka\/pronajem-tz-studanka\/#breadcrumb"},"inLanguage":"cs","potentialAction":[{"@type":"ReadAction","target":["https:\/\/www.eldoradonachod.info\/str\/taborova-zakladna-studanka\/pronajem-tz-studanka\/"]}]},{"@type":"BreadcrumbList","@id":"https:\/\/www.eldoradonachod.info\/str\/taborova-zakladna-studanka\/pronajem-tz-studanka\/#breadcrumb","itemListElement":[{"@type":"ListItem","position":1,"name":"Dom\u016f","item":"https:\/\/www.eldoradonachod.info\/str\/"},{"@type":"ListItem","position":2,"name":"T\u00e1borov\u00e1 z\u00e1kladna &#8211; Stud\u00e1nka","item":"https:\/\/www.eldoradonachod.info\/str\/taborova-zakladna-studanka\/"},{"@type":"ListItem","position":3,"name":"Pron\u00e1jem &#8211; TZ Stud\u00e1nka"}]},{"@type":"WebSite","@id":"https:\/\/www.eldoradonachod.info\/str\/#website","url":"https:\/\/www.eldoradonachod.info\/str\/","name":"Eldor\u00e1do, st\u0159edisko N\u00e1chod","description":"","publisher":{"@id":"https:\/\/www.eldoradonachod.info\/str\/#organization"},"potentialAction":[{"@type":"SearchAction","target":{"@type":"EntryPoint","urlTemplate":"https:\/\/www.eldoradonachod.info\/str\/?s={search_term_string}"},"query-input":{"@type":"PropertyValueSpecification","valueRequired":true,"valueName":"search_term_string"}}],"inLanguage":"cs"},{"@type":"Organization","@id":"https:\/\/www.eldoradonachod.info\/str\/#organization","name":"Eldor\u00e1do, st\u0159edisko N\u00e1chod","url":"https:\/\/www.eldoradonachod.info\/str\/","logo":{"@type":"ImageObject","inLanguage":"cs","@id":"https:\/\/www.eldoradonachod.info\/str\/#\/schema\/logo\/image\/","url":"https:\/\/www.eldoradonachod.info\/str\/wp-content\/uploads\/2016\/12\/logo.png","contentUrl":"https:\/\/www.eldoradonachod.info\/str\/wp-content\/uploads\/2016\/12\/logo.png","width":205,"height":205,"caption":"Eldor\u00e1do, st\u0159edisko N\u00e1chod"},"image":{"@id":"https:\/\/www.eldoradonachod.info\/str\/#\/schema\/logo\/image\/"},"sameAs":["https:\/\/www.facebook.com\/EldoNachod"]}]}},"_links":{"self":[{"href":"https:\/\/www.eldoradonachod.info\/str\/wp-json\/wp\/v2\/pages\/1718","targetHints":{"allow":["GET"]}}],"collection":[{"href":"https:\/\/www.eldoradonachod.info\/str\/wp-json\/wp\/v2\/pages"}],"about":[{"href":"https:\/\/www.eldoradonachod.info\/str\/wp-json\/wp\/v2\/types\/page"}],"author":[{"embeddable":true,"href":"https:\/\/www.eldoradonachod.info\/str\/wp-json\/wp\/v2\/users\/1"}],"replies":[{"embeddable":true,"href":"https:\/\/www.eldoradonachod.info\/str\/wp-json\/wp\/v2\/comments?post=1718"}],"version-history":[{"count":15,"href":"https:\/\/www.eldoradonachod.info\/str\/wp-json\/wp\/v2\/pages\/1718\/revisions"}],"predecessor-version":[{"id":4782,"href":"https:\/\/www.eldoradonachod.info\/str\/wp-json\/wp\/v2\/pages\/1718\/revisions\/4782"}],"up":[{"embeddable":true,"href":"https:\/\/www.eldoradonachod.info\/str\/wp-json\/wp\/v2\/pages\/1032"}],"wp:attachment":[{"href":"https:\/\/www.eldoradonachod.info\/str\/wp-json\/wp\/v2\/media?parent=1718"}],"curies":[{"name":"wp","href":"https:\/\/api.w.org\/{rel}","templated":true}]}}