{"id":4095,"date":"2021-06-01T17:08:22","date_gmt":"2021-06-01T15:08:22","guid":{"rendered":"https:\/\/www.eldoradonachod.info\/str\/?page_id=4095"},"modified":"2022-05-24T10:46:46","modified_gmt":"2022-05-24T08:46:46","slug":"taborove-dokumenty","status":"publish","type":"page","link":"https:\/\/www.eldoradonachod.info\/str\/taborove-dokumenty\/","title":{"rendered":"T\u00e1borov\u00e9 dokumenty:"},"content":{"rendered":"<p><span style=\"color: #00ccff;\">Upozorn\u011bn\u00ed:<\/span><\/p>\n<p><span style=\"color: #00ccff;\"> &#8211; Jednotliv\u00e9 dokumenty jsou d\u011bleny na ve\u0159ejn\u00e9 a priv\u00e1tn\u00ed.<br \/>\n<\/span><span style=\"color: #00ccff;\">&#8211; Ve\u0159ejn\u00e9 dokumenty jsou p\u0159\u00edstupn\u00e9 v\u0161em, k priv\u00e1tn\u00edm se mus\u00edte p\u0159ihl\u00e1sit. K p\u0159ihl\u00e1\u0161en\u00ed je pou\u017e\u00edv\u00e1n v\u00e1\u0161 Eldor\u00e1\u010f\u00e1ck\u00fd \u00fa\u010det.<a id=\"mcegrid0\" class=\"mce-active\" href=\"https:\/\/www.eldoradonachod.info\/str\/wp-admin\/post.php?post=4095&amp;action=edit#\" data-mce-x=\"0\" data-mce-y=\"0\"><\/a><\/span><\/p>\n<table style=\"border-collapse: collapse; width: 100%;\">\n<tbody>\n<tr>\n<td style=\"width: 8.25641%; background-color: #07bd04; text-align: center;\" colspan=\"3\"><span style=\"color: #333333;\"><strong><span style=\"font-size: 14pt;\">Ur\u010deno pro vedouc\u00ed:<\/span><\/strong><\/span><\/td>\n<\/tr>\n<tr>\n<td style=\"width: 8.25641%; background-color: #707070;\"><span style=\"color: #333333;\">01.06.2021<\/span><\/td>\n<td style=\"width: 52.5898%; background-color: #707070;\"><span style=\"color: #ffff00;\"><a style=\"color: #ffff00;\" href=\"https:\/\/docs.google.com\/forms\/d\/e\/1FAIpQLScX3IAKzdnHD3KrJWjiJJDwKtLdB1LxKtijkE7ImNVyfN_UtQ\/viewform?entry.100538206=Eldor%C3%A1do,+st%C5%99edisko+N%C3%A1chod&amp;entry.519131558=V+T%C5%99e\u0161ink%C3%A1ch+2124,+547+01+N%C3%A1chod&amp;entry.1955957319=48650480&amp;entry.1635956255=1992-12-12\" target=\"_blank\" rel=\"noopener\">\u017d\u00e1dost o pracovn\u00ed volno na letn\u00ed t\u00e1bory st\u0159ediska N\u00e1chod<\/a><\/span><\/td>\n<td style=\"width: 64.1538%; background-color: #707070;\">priv\u00e1tn\u00ed sekce, bude vy\u017eadov\u00e1no p\u0159ihl\u00e1\u0161en\u00ed<\/td>\n<\/tr>\n<tr>\n<td style=\"width: 8.25641%; background-color: #707070;\"><span style=\"color: #333333;\">07.06.2021<\/span><\/td>\n<td style=\"width: 52.5898%; background-color: #707070;\"><a href=\"https:\/\/koronavirus.mzcr.cz\/hygienicko-protiepidemicka-opatreni-letni-detske-rekreace-2021\/\" target=\"_blank\" rel=\"noopener\"><span style=\"color: #ffff00;\">Pravidla pro kon\u00e1n\u00ed letn\u00edch t\u00e1bor\u016f 2021<\/span><\/a><\/td>\n<td style=\"width: 64.1538%; background-color: #707070;\">ve\u0159ejn\u00e1 sekce, nahl\u00ed\u017eet m\u016f\u017ee kdokoliv<\/td>\n<\/tr>\n<\/tbody>\n<\/table>\n<p>&nbsp;<\/p>\n","protected":false},"excerpt":{"rendered":"<p>Upozorn\u011bn\u00ed: &#8211; Jednotliv\u00e9 dokumenty jsou d\u011bleny na ve\u0159ejn\u00e9 a priv\u00e1tn\u00ed. &#8211; Ve\u0159ejn\u00e9 dokumenty jsou p\u0159\u00edstupn\u00e9 v\u0161em, k priv\u00e1tn\u00edm se mus\u00edte p\u0159ihl\u00e1sit. K p\u0159ihl\u00e1\u0161en\u00ed je pou\u017e\u00edv\u00e1n v\u00e1\u0161 Eldor\u00e1\u010f\u00e1ck\u00fd \u00fa\u010det. Ur\u010deno pro vedouc\u00ed: 01.06.2021 \u017d\u00e1dost o pracovn\u00ed volno na letn\u00ed t\u00e1bory st\u0159ediska&#8230;<br \/><a class=\"read-more-button\" href=\"https:\/\/www.eldoradonachod.info\/str\/taborove-dokumenty\/\">\u010c\u00edst v\u00edce<\/a><\/p>\n","protected":false},"author":1,"featured_media":0,"parent":0,"menu_order":0,"comment_status":"closed","ping_status":"closed","template":"","meta":{"ngg_post_thumbnail":0,"footnotes":""},"class_list":["post-4095","page","type-page","status-publish","hentry"],"yoast_head":"<!-- This site is optimized with the Yoast SEO plugin v27.2 - https:\/\/yoast.com\/product\/yoast-seo-wordpress\/ -->\n<title>T\u00e1borov\u00e9 dokumenty: - Eldor\u00e1do, st\u0159edisko N\u00e1chod<\/title>\n<meta name=\"robots\" content=\"index, follow, max-snippet:-1, max-image-preview:large, max-video-preview:-1\" \/>\n<link rel=\"canonical\" href=\"https:\/\/www.eldoradonachod.info\/str\/taborove-dokumenty\/\" \/>\n<meta property=\"og:locale\" content=\"cs_CZ\" \/>\n<meta property=\"og:type\" content=\"article\" \/>\n<meta property=\"og:title\" content=\"T\u00e1borov\u00e9 dokumenty: - Eldor\u00e1do, st\u0159edisko N\u00e1chod\" \/>\n<meta property=\"og:description\" content=\"Upozorn\u011bn\u00ed: &#8211; Jednotliv\u00e9 dokumenty jsou d\u011bleny na ve\u0159ejn\u00e9 a priv\u00e1tn\u00ed. &#8211; Ve\u0159ejn\u00e9 dokumenty jsou p\u0159\u00edstupn\u00e9 v\u0161em, k priv\u00e1tn\u00edm se mus\u00edte p\u0159ihl\u00e1sit. K p\u0159ihl\u00e1\u0161en\u00ed je pou\u017e\u00edv\u00e1n v\u00e1\u0161 Eldor\u00e1\u010f\u00e1ck\u00fd \u00fa\u010det. Ur\u010deno pro vedouc\u00ed: 01.06.2021 \u017d\u00e1dost o pracovn\u00ed volno na letn\u00ed t\u00e1bory st\u0159ediska...\u010c\u00edst v\u00edce\" \/>\n<meta property=\"og:url\" content=\"https:\/\/www.eldoradonachod.info\/str\/taborove-dokumenty\/\" \/>\n<meta property=\"og:site_name\" content=\"Eldor\u00e1do, st\u0159edisko N\u00e1chod\" \/>\n<meta property=\"article:publisher\" content=\"https:\/\/www.facebook.com\/EldoNachod\" \/>\n<meta property=\"article:modified_time\" content=\"2022-05-24T08:46:46+00:00\" \/>\n<meta property=\"og:image\" content=\"https:\/\/www.eldoradonachod.info\/str\/wp-content\/uploads\/2016\/12\/logo.png\" \/>\n\t<meta property=\"og:image:width\" content=\"205\" \/>\n\t<meta property=\"og:image:height\" content=\"205\" \/>\n\t<meta property=\"og:image:type\" content=\"image\/png\" \/>\n<meta name=\"twitter:card\" content=\"summary_large_image\" \/>\n<script type=\"application\/ld+json\" class=\"yoast-schema-graph\">{\"@context\":\"https:\/\/schema.org\",\"@graph\":[{\"@type\":\"WebPage\",\"@id\":\"https:\/\/www.eldoradonachod.info\/str\/taborove-dokumenty\/\",\"url\":\"https:\/\/www.eldoradonachod.info\/str\/taborove-dokumenty\/\",\"name\":\"T\u00e1borov\u00e9 dokumenty: - Eldor\u00e1do, st\u0159edisko N\u00e1chod\",\"isPartOf\":{\"@id\":\"https:\/\/www.eldoradonachod.info\/str\/#website\"},\"datePublished\":\"2021-06-01T15:08:22+00:00\",\"dateModified\":\"2022-05-24T08:46:46+00:00\",\"breadcrumb\":{\"@id\":\"https:\/\/www.eldoradonachod.info\/str\/taborove-dokumenty\/#breadcrumb\"},\"inLanguage\":\"cs\",\"potentialAction\":[{\"@type\":\"ReadAction\",\"target\":[\"https:\/\/www.eldoradonachod.info\/str\/taborove-dokumenty\/\"]}]},{\"@type\":\"BreadcrumbList\",\"@id\":\"https:\/\/www.eldoradonachod.info\/str\/taborove-dokumenty\/#breadcrumb\",\"itemListElement\":[{\"@type\":\"ListItem\",\"position\":1,\"name\":\"Dom\u016f\",\"item\":\"https:\/\/www.eldoradonachod.info\/str\/\"},{\"@type\":\"ListItem\",\"position\":2,\"name\":\"T\u00e1borov\u00e9 dokumenty:\"}]},{\"@type\":\"WebSite\",\"@id\":\"https:\/\/www.eldoradonachod.info\/str\/#website\",\"url\":\"https:\/\/www.eldoradonachod.info\/str\/\",\"name\":\"Eldor\u00e1do, st\u0159edisko N\u00e1chod\",\"description\":\"\",\"publisher\":{\"@id\":\"https:\/\/www.eldoradonachod.info\/str\/#organization\"},\"potentialAction\":[{\"@type\":\"SearchAction\",\"target\":{\"@type\":\"EntryPoint\",\"urlTemplate\":\"https:\/\/www.eldoradonachod.info\/str\/?s={search_term_string}\"},\"query-input\":{\"@type\":\"PropertyValueSpecification\",\"valueRequired\":true,\"valueName\":\"search_term_string\"}}],\"inLanguage\":\"cs\"},{\"@type\":\"Organization\",\"@id\":\"https:\/\/www.eldoradonachod.info\/str\/#organization\",\"name\":\"Eldor\u00e1do, st\u0159edisko N\u00e1chod\",\"url\":\"https:\/\/www.eldoradonachod.info\/str\/\",\"logo\":{\"@type\":\"ImageObject\",\"inLanguage\":\"cs\",\"@id\":\"https:\/\/www.eldoradonachod.info\/str\/#\/schema\/logo\/image\/\",\"url\":\"https:\/\/www.eldoradonachod.info\/str\/wp-content\/uploads\/2016\/12\/logo.png\",\"contentUrl\":\"https:\/\/www.eldoradonachod.info\/str\/wp-content\/uploads\/2016\/12\/logo.png\",\"width\":205,\"height\":205,\"caption\":\"Eldor\u00e1do, st\u0159edisko N\u00e1chod\"},\"image\":{\"@id\":\"https:\/\/www.eldoradonachod.info\/str\/#\/schema\/logo\/image\/\"},\"sameAs\":[\"https:\/\/www.facebook.com\/EldoNachod\"]}]}<\/script>\n<!-- \/ Yoast SEO plugin. -->","yoast_head_json":{"title":"T\u00e1borov\u00e9 dokumenty: - Eldor\u00e1do, st\u0159edisko N\u00e1chod","robots":{"index":"index","follow":"follow","max-snippet":"max-snippet:-1","max-image-preview":"max-image-preview:large","max-video-preview":"max-video-preview:-1"},"canonical":"https:\/\/www.eldoradonachod.info\/str\/taborove-dokumenty\/","og_locale":"cs_CZ","og_type":"article","og_title":"T\u00e1borov\u00e9 dokumenty: - Eldor\u00e1do, st\u0159edisko N\u00e1chod","og_description":"Upozorn\u011bn\u00ed: &#8211; Jednotliv\u00e9 dokumenty jsou d\u011bleny na ve\u0159ejn\u00e9 a priv\u00e1tn\u00ed. &#8211; Ve\u0159ejn\u00e9 dokumenty jsou p\u0159\u00edstupn\u00e9 v\u0161em, k priv\u00e1tn\u00edm se mus\u00edte p\u0159ihl\u00e1sit. K p\u0159ihl\u00e1\u0161en\u00ed je pou\u017e\u00edv\u00e1n v\u00e1\u0161 Eldor\u00e1\u010f\u00e1ck\u00fd \u00fa\u010det. Ur\u010deno pro vedouc\u00ed: 01.06.2021 \u017d\u00e1dost o pracovn\u00ed volno na letn\u00ed t\u00e1bory st\u0159ediska...\u010c\u00edst v\u00edce","og_url":"https:\/\/www.eldoradonachod.info\/str\/taborove-dokumenty\/","og_site_name":"Eldor\u00e1do, st\u0159edisko N\u00e1chod","article_publisher":"https:\/\/www.facebook.com\/EldoNachod","article_modified_time":"2022-05-24T08:46:46+00:00","og_image":[{"width":205,"height":205,"url":"https:\/\/www.eldoradonachod.info\/str\/wp-content\/uploads\/2016\/12\/logo.png","type":"image\/png"}],"twitter_card":"summary_large_image","schema":{"@context":"https:\/\/schema.org","@graph":[{"@type":"WebPage","@id":"https:\/\/www.eldoradonachod.info\/str\/taborove-dokumenty\/","url":"https:\/\/www.eldoradonachod.info\/str\/taborove-dokumenty\/","name":"T\u00e1borov\u00e9 dokumenty: - Eldor\u00e1do, st\u0159edisko N\u00e1chod","isPartOf":{"@id":"https:\/\/www.eldoradonachod.info\/str\/#website"},"datePublished":"2021-06-01T15:08:22+00:00","dateModified":"2022-05-24T08:46:46+00:00","breadcrumb":{"@id":"https:\/\/www.eldoradonachod.info\/str\/taborove-dokumenty\/#breadcrumb"},"inLanguage":"cs","potentialAction":[{"@type":"ReadAction","target":["https:\/\/www.eldoradonachod.info\/str\/taborove-dokumenty\/"]}]},{"@type":"BreadcrumbList","@id":"https:\/\/www.eldoradonachod.info\/str\/taborove-dokumenty\/#breadcrumb","itemListElement":[{"@type":"ListItem","position":1,"name":"Dom\u016f","item":"https:\/\/www.eldoradonachod.info\/str\/"},{"@type":"ListItem","position":2,"name":"T\u00e1borov\u00e9 dokumenty:"}]},{"@type":"WebSite","@id":"https:\/\/www.eldoradonachod.info\/str\/#website","url":"https:\/\/www.eldoradonachod.info\/str\/","name":"Eldor\u00e1do, st\u0159edisko N\u00e1chod","description":"","publisher":{"@id":"https:\/\/www.eldoradonachod.info\/str\/#organization"},"potentialAction":[{"@type":"SearchAction","target":{"@type":"EntryPoint","urlTemplate":"https:\/\/www.eldoradonachod.info\/str\/?s={search_term_string}"},"query-input":{"@type":"PropertyValueSpecification","valueRequired":true,"valueName":"search_term_string"}}],"inLanguage":"cs"},{"@type":"Organization","@id":"https:\/\/www.eldoradonachod.info\/str\/#organization","name":"Eldor\u00e1do, st\u0159edisko N\u00e1chod","url":"https:\/\/www.eldoradonachod.info\/str\/","logo":{"@type":"ImageObject","inLanguage":"cs","@id":"https:\/\/www.eldoradonachod.info\/str\/#\/schema\/logo\/image\/","url":"https:\/\/www.eldoradonachod.info\/str\/wp-content\/uploads\/2016\/12\/logo.png","contentUrl":"https:\/\/www.eldoradonachod.info\/str\/wp-content\/uploads\/2016\/12\/logo.png","width":205,"height":205,"caption":"Eldor\u00e1do, st\u0159edisko N\u00e1chod"},"image":{"@id":"https:\/\/www.eldoradonachod.info\/str\/#\/schema\/logo\/image\/"},"sameAs":["https:\/\/www.facebook.com\/EldoNachod"]}]}},"_links":{"self":[{"href":"https:\/\/www.eldoradonachod.info\/str\/wp-json\/wp\/v2\/pages\/4095","targetHints":{"allow":["GET"]}}],"collection":[{"href":"https:\/\/www.eldoradonachod.info\/str\/wp-json\/wp\/v2\/pages"}],"about":[{"href":"https:\/\/www.eldoradonachod.info\/str\/wp-json\/wp\/v2\/types\/page"}],"author":[{"embeddable":true,"href":"https:\/\/www.eldoradonachod.info\/str\/wp-json\/wp\/v2\/users\/1"}],"replies":[{"embeddable":true,"href":"https:\/\/www.eldoradonachod.info\/str\/wp-json\/wp\/v2\/comments?post=4095"}],"version-history":[{"count":13,"href":"https:\/\/www.eldoradonachod.info\/str\/wp-json\/wp\/v2\/pages\/4095\/revisions"}],"predecessor-version":[{"id":4367,"href":"https:\/\/www.eldoradonachod.info\/str\/wp-json\/wp\/v2\/pages\/4095\/revisions\/4367"}],"wp:attachment":[{"href":"https:\/\/www.eldoradonachod.info\/str\/wp-json\/wp\/v2\/media?parent=4095"}],"curies":[{"name":"wp","href":"https:\/\/api.w.org\/{rel}","templated":true}]}}