{"id":4789,"date":"2023-09-08T18:07:10","date_gmt":"2023-09-08T16:07:10","guid":{"rendered":"https:\/\/www.eldoradonachod.info\/str\/?page_id=4789"},"modified":"2023-09-10T21:00:03","modified_gmt":"2023-09-10T19:00:03","slug":"udrzba-tz-studanka","status":"publish","type":"page","link":"https:\/\/www.eldoradonachod.info\/str\/taborova-zakladna-studanka\/udrzba-tz-studanka\/","title":{"rendered":"\u00dadr\u017eba &#8211; TZ Stud\u00e1nka"},"content":{"rendered":"<p>&nbsp;<\/p>\n<p style=\"text-align: center;\"><span style=\"color: #ff9900; font-size: 14pt;\">\u00dadr\u017eba a opravy na t\u00e1borov\u00e9 z\u00e1kladn\u011b Stud\u00e1nka.<\/span><\/p>\n<p>Mil\u00ed kamar\u00e1di a p\u0159\u00e1tel\u00e9 Stud\u00e1nky.<\/p>\n<p>Od z\u00e1\u0159\u00ed 2023 jsme vymysleli pro obnovu t\u00e1borov\u00e9 z\u00e1kladny Stud\u00e1nka nov\u00fd syst\u00e9m. Pokud budete cht\u00edt p\u0159ijet na brig\u00e1du nebo pomoci s jej\u00ed obnovou a \u00fadr\u017ebou, tak je pot\u0159eba ud\u011blat toto:<\/p>\n<ul>\n<li>N\u00ed\u017ee je odkaz na tabulku, v kter\u00e9 jsou uvedeny v\u0161echny d\u016fle\u017eit\u00e9 nadch\u00e1zej\u00edc\u00ed pr\u00e1ce na Stud\u00e1nce.&nbsp;<\/li>\n<li>Vy si m\u016f\u017eete vybrat jakoukoli pr\u00e1ci, kter\u00e1 v\u00e1m p\u0159ipad\u00e1 pro v\u00e1s p\u0159ijateln\u00e1, zvl\u00e1dnuteln\u00e1 a provediteln\u00e1.<\/li>\n<li>D\u00e1le se mus\u00edte rozhodnout, zda jste svoj\u00ed mali\u010dkost\u00ed ochotni tuto pr\u00e1ci na Stud\u00e1nce garantovat. (M\u016f\u017eete si samoz\u0159ejm\u011b na pomoc p\u0159izvat i dal\u0161\u00ed kamar\u00e1dy).<\/li>\n<li>Pokud se tak rozhodnete je pot\u0159eba napsat Pavlovi a ten v\u00e1s k uveden\u00e9 pr\u00e1ci do tabulky zap\u00ed\u0161e jako garanta. (Pavel, N\u00e1\u010da, Aska a dal\u0161\u00ed v\u00e1m ur\u010dit\u011b budou ochotni poradit, jak uveden\u00e9 nejl\u00e9pe zvl\u00e1dnout.) Na v\u00e1s pak d\u00e1le je napl\u00e1novat, kdy se uveden\u00e1 pr\u00e1ce bude realizovat, do kdy bude pr\u00e1ce hotova apod. D\u00e1le je nutn\u00e9 se s Pavlem dohodnout, zda si ve\u0161ker\u00fd materi\u00e1l, dok\u00e1\u017eete sehnat a p\u0159iv\u00e9st sami (tuto mo\u017enost preferujeme, finan\u010dn\u00ed prost\u0159edky samoz\u0159ejm\u011b za\u0159\u00edd\u00edme) nebo zda pot\u0159ebujete s n\u00e1kupem \u010di dovozem pomoci.<\/li>\n<li>Pokud v\u00e1s kdykoliv napadne n\u011bjak\u00e1 jin\u00e1 pr\u00e1ce, kter\u00e1 nen\u00ed v tabulce uvedena a je na Stud\u00e1nce pot\u0159eba ud\u011blat, tak se tak\u00e9 ozv\u011bte Pavlovi a on ji do tabulky ur\u010dit\u011b&nbsp; r\u00e1d dopln\u00ed.<\/li>\n<\/ul>\n<p>N\u00ed\u017ee m\u00e1te uk\u00e1zku tabulky, tedy sloupe\u010dk\u016f, kter\u00e9 v\u00e1m pomohou rozhodnout, zda uveden\u00e1 pr\u00e1ce je vhodn\u00e1 pr\u00e1v\u011b pro v\u00e1s a zda chcete b\u00fdt garanty.<\/p>\n<p><a title=\"Opravy a \u00fadr\u017eba TZ Stud\u00e1nka\" href=\"https:\/\/docs.google.com\/spreadsheets\/d\/1mqZdz1LQtZ8NAZCV77SEKMNzSfiVKXMRVYj8Fm9K4oE\/edit?usp=sharing\" target=\"_blank\" rel=\"noopener\"><img loading=\"lazy\" decoding=\"async\" class=\"alignnone size-full wp-image-4801\" src=\"https:\/\/www.eldoradonachod.info\/str\/wp-content\/uploads\/2023\/09\/tabulka.jpg\" alt=\"\" width=\"1559\" height=\"76\" data-id=\"4801\" srcset=\"https:\/\/www.eldoradonachod.info\/str\/wp-content\/uploads\/2023\/09\/tabulka.jpg 1559w, https:\/\/www.eldoradonachod.info\/str\/wp-content\/uploads\/2023\/09\/tabulka-300x15.jpg 300w, https:\/\/www.eldoradonachod.info\/str\/wp-content\/uploads\/2023\/09\/tabulka-1024x50.jpg 1024w, https:\/\/www.eldoradonachod.info\/str\/wp-content\/uploads\/2023\/09\/tabulka-768x37.jpg 768w, https:\/\/www.eldoradonachod.info\/str\/wp-content\/uploads\/2023\/09\/tabulka-1536x75.jpg 1536w, https:\/\/www.eldoradonachod.info\/str\/wp-content\/uploads\/2023\/09\/tabulka-972x47.jpg 972w\" sizes=\"auto, (max-width: 1559px) 100vw, 1559px\" \/><\/a>Pokud kliknete na uk\u00e1zku tabulky viz v\u00fd\u0161e, tak budete p\u0159esm\u011brov\u00e1ny na jej\u00ed aktu\u00e1ln\u00ed podobu. (Pozor! K uveden\u00e9 tabulce se dostanete pouze p\u0159es Google \u00fa\u010det Eldor\u00e1da).<\/p>\n","protected":false},"excerpt":{"rendered":"<p>&nbsp; \u00dadr\u017eba a opravy na t\u00e1borov\u00e9 z\u00e1kladn\u011b Stud\u00e1nka. Mil\u00ed kamar\u00e1di a p\u0159\u00e1tel\u00e9 Stud\u00e1nky. Od z\u00e1\u0159\u00ed 2023 jsme vymysleli pro obnovu t\u00e1borov\u00e9 z\u00e1kladny Stud\u00e1nka nov\u00fd syst\u00e9m. Pokud budete cht\u00edt p\u0159ijet na brig\u00e1du nebo pomoci s jej\u00ed obnovou a \u00fadr\u017ebou, tak je&#8230;<br \/><a class=\"read-more-button\" href=\"https:\/\/www.eldoradonachod.info\/str\/taborova-zakladna-studanka\/udrzba-tz-studanka\/\">\u010c\u00edst v\u00edce<\/a><\/p>\n","protected":false},"author":1,"featured_media":0,"parent":1032,"menu_order":0,"comment_status":"closed","ping_status":"closed","template":"","meta":{"ngg_post_thumbnail":0,"footnotes":""},"class_list":["post-4789","page","type-page","status-publish","hentry"],"yoast_head":"<!-- This site is optimized with the Yoast SEO plugin v27.2 - https:\/\/yoast.com\/product\/yoast-seo-wordpress\/ -->\n<title>\u00dadr\u017eba - TZ Stud\u00e1nka - Eldor\u00e1do, st\u0159edisko N\u00e1chod<\/title>\n<meta name=\"robots\" content=\"index, follow, max-snippet:-1, max-image-preview:large, max-video-preview:-1\" \/>\n<link rel=\"canonical\" href=\"https:\/\/www.eldoradonachod.info\/str\/taborova-zakladna-studanka\/udrzba-tz-studanka\/\" \/>\n<meta property=\"og:locale\" content=\"cs_CZ\" \/>\n<meta property=\"og:type\" content=\"article\" \/>\n<meta property=\"og:title\" content=\"\u00dadr\u017eba - TZ Stud\u00e1nka - Eldor\u00e1do, st\u0159edisko N\u00e1chod\" \/>\n<meta property=\"og:description\" content=\"&nbsp; \u00dadr\u017eba a opravy na t\u00e1borov\u00e9 z\u00e1kladn\u011b Stud\u00e1nka. Mil\u00ed kamar\u00e1di a p\u0159\u00e1tel\u00e9 Stud\u00e1nky. Od z\u00e1\u0159\u00ed 2023 jsme vymysleli pro obnovu t\u00e1borov\u00e9 z\u00e1kladny Stud\u00e1nka nov\u00fd syst\u00e9m. Pokud budete cht\u00edt p\u0159ijet na brig\u00e1du nebo pomoci s jej\u00ed obnovou a \u00fadr\u017ebou, tak je...\u010c\u00edst v\u00edce\" \/>\n<meta property=\"og:url\" content=\"https:\/\/www.eldoradonachod.info\/str\/taborova-zakladna-studanka\/udrzba-tz-studanka\/\" \/>\n<meta property=\"og:site_name\" content=\"Eldor\u00e1do, st\u0159edisko N\u00e1chod\" \/>\n<meta property=\"article:publisher\" content=\"https:\/\/www.facebook.com\/EldoNachod\" \/>\n<meta property=\"article:modified_time\" content=\"2023-09-10T19:00:03+00:00\" \/>\n<meta property=\"og:image\" content=\"https:\/\/www.eldoradonachod.info\/str\/wp-content\/uploads\/2023\/09\/tabulka.jpg\" \/>\n<meta name=\"twitter:card\" content=\"summary_large_image\" \/>\n<meta name=\"twitter:label1\" content=\"Odhadovan\u00e1 doba \u010dten\u00ed\" \/>\n\t<meta name=\"twitter:data1\" content=\"2 minuty\" \/>\n<script type=\"application\/ld+json\" class=\"yoast-schema-graph\">{\"@context\":\"https:\/\/schema.org\",\"@graph\":[{\"@type\":\"WebPage\",\"@id\":\"https:\/\/www.eldoradonachod.info\/str\/taborova-zakladna-studanka\/udrzba-tz-studanka\/\",\"url\":\"https:\/\/www.eldoradonachod.info\/str\/taborova-zakladna-studanka\/udrzba-tz-studanka\/\",\"name\":\"\u00dadr\u017eba - TZ Stud\u00e1nka - Eldor\u00e1do, st\u0159edisko N\u00e1chod\",\"isPartOf\":{\"@id\":\"https:\/\/www.eldoradonachod.info\/str\/#website\"},\"primaryImageOfPage\":{\"@id\":\"https:\/\/www.eldoradonachod.info\/str\/taborova-zakladna-studanka\/udrzba-tz-studanka\/#primaryimage\"},\"image\":{\"@id\":\"https:\/\/www.eldoradonachod.info\/str\/taborova-zakladna-studanka\/udrzba-tz-studanka\/#primaryimage\"},\"thumbnailUrl\":\"https:\/\/www.eldoradonachod.info\/str\/wp-content\/uploads\/2023\/09\/tabulka.jpg\",\"datePublished\":\"2023-09-08T16:07:10+00:00\",\"dateModified\":\"2023-09-10T19:00:03+00:00\",\"breadcrumb\":{\"@id\":\"https:\/\/www.eldoradonachod.info\/str\/taborova-zakladna-studanka\/udrzba-tz-studanka\/#breadcrumb\"},\"inLanguage\":\"cs\",\"potentialAction\":[{\"@type\":\"ReadAction\",\"target\":[\"https:\/\/www.eldoradonachod.info\/str\/taborova-zakladna-studanka\/udrzba-tz-studanka\/\"]}]},{\"@type\":\"ImageObject\",\"inLanguage\":\"cs\",\"@id\":\"https:\/\/www.eldoradonachod.info\/str\/taborova-zakladna-studanka\/udrzba-tz-studanka\/#primaryimage\",\"url\":\"https:\/\/www.eldoradonachod.info\/str\/wp-content\/uploads\/2023\/09\/tabulka.jpg\",\"contentUrl\":\"https:\/\/www.eldoradonachod.info\/str\/wp-content\/uploads\/2023\/09\/tabulka.jpg\",\"width\":1559,\"height\":76},{\"@type\":\"BreadcrumbList\",\"@id\":\"https:\/\/www.eldoradonachod.info\/str\/taborova-zakladna-studanka\/udrzba-tz-studanka\/#breadcrumb\",\"itemListElement\":[{\"@type\":\"ListItem\",\"position\":1,\"name\":\"Dom\u016f\",\"item\":\"https:\/\/www.eldoradonachod.info\/str\/\"},{\"@type\":\"ListItem\",\"position\":2,\"name\":\"T\u00e1borov\u00e1 z\u00e1kladna &#8211; Stud\u00e1nka\",\"item\":\"https:\/\/www.eldoradonachod.info\/str\/taborova-zakladna-studanka\/\"},{\"@type\":\"ListItem\",\"position\":3,\"name\":\"\u00dadr\u017eba &#8211; TZ Stud\u00e1nka\"}]},{\"@type\":\"WebSite\",\"@id\":\"https:\/\/www.eldoradonachod.info\/str\/#website\",\"url\":\"https:\/\/www.eldoradonachod.info\/str\/\",\"name\":\"Eldor\u00e1do, st\u0159edisko N\u00e1chod\",\"description\":\"\",\"publisher\":{\"@id\":\"https:\/\/www.eldoradonachod.info\/str\/#organization\"},\"potentialAction\":[{\"@type\":\"SearchAction\",\"target\":{\"@type\":\"EntryPoint\",\"urlTemplate\":\"https:\/\/www.eldoradonachod.info\/str\/?s={search_term_string}\"},\"query-input\":{\"@type\":\"PropertyValueSpecification\",\"valueRequired\":true,\"valueName\":\"search_term_string\"}}],\"inLanguage\":\"cs\"},{\"@type\":\"Organization\",\"@id\":\"https:\/\/www.eldoradonachod.info\/str\/#organization\",\"name\":\"Eldor\u00e1do, st\u0159edisko N\u00e1chod\",\"url\":\"https:\/\/www.eldoradonachod.info\/str\/\",\"logo\":{\"@type\":\"ImageObject\",\"inLanguage\":\"cs\",\"@id\":\"https:\/\/www.eldoradonachod.info\/str\/#\/schema\/logo\/image\/\",\"url\":\"https:\/\/www.eldoradonachod.info\/str\/wp-content\/uploads\/2016\/12\/logo.png\",\"contentUrl\":\"https:\/\/www.eldoradonachod.info\/str\/wp-content\/uploads\/2016\/12\/logo.png\",\"width\":205,\"height\":205,\"caption\":\"Eldor\u00e1do, st\u0159edisko N\u00e1chod\"},\"image\":{\"@id\":\"https:\/\/www.eldoradonachod.info\/str\/#\/schema\/logo\/image\/\"},\"sameAs\":[\"https:\/\/www.facebook.com\/EldoNachod\"]}]}<\/script>\n<!-- \/ Yoast SEO plugin. -->","yoast_head_json":{"title":"\u00dadr\u017eba - TZ Stud\u00e1nka - Eldor\u00e1do, st\u0159edisko N\u00e1chod","robots":{"index":"index","follow":"follow","max-snippet":"max-snippet:-1","max-image-preview":"max-image-preview:large","max-video-preview":"max-video-preview:-1"},"canonical":"https:\/\/www.eldoradonachod.info\/str\/taborova-zakladna-studanka\/udrzba-tz-studanka\/","og_locale":"cs_CZ","og_type":"article","og_title":"\u00dadr\u017eba - TZ Stud\u00e1nka - Eldor\u00e1do, st\u0159edisko N\u00e1chod","og_description":"&nbsp; \u00dadr\u017eba a opravy na t\u00e1borov\u00e9 z\u00e1kladn\u011b Stud\u00e1nka. Mil\u00ed kamar\u00e1di a p\u0159\u00e1tel\u00e9 Stud\u00e1nky. Od z\u00e1\u0159\u00ed 2023 jsme vymysleli pro obnovu t\u00e1borov\u00e9 z\u00e1kladny Stud\u00e1nka nov\u00fd syst\u00e9m. Pokud budete cht\u00edt p\u0159ijet na brig\u00e1du nebo pomoci s jej\u00ed obnovou a \u00fadr\u017ebou, tak je...\u010c\u00edst v\u00edce","og_url":"https:\/\/www.eldoradonachod.info\/str\/taborova-zakladna-studanka\/udrzba-tz-studanka\/","og_site_name":"Eldor\u00e1do, st\u0159edisko N\u00e1chod","article_publisher":"https:\/\/www.facebook.com\/EldoNachod","article_modified_time":"2023-09-10T19:00:03+00:00","og_image":[{"url":"https:\/\/www.eldoradonachod.info\/str\/wp-content\/uploads\/2023\/09\/tabulka.jpg","type":"","width":"","height":""}],"twitter_card":"summary_large_image","twitter_misc":{"Odhadovan\u00e1 doba \u010dten\u00ed":"2 minuty"},"schema":{"@context":"https:\/\/schema.org","@graph":[{"@type":"WebPage","@id":"https:\/\/www.eldoradonachod.info\/str\/taborova-zakladna-studanka\/udrzba-tz-studanka\/","url":"https:\/\/www.eldoradonachod.info\/str\/taborova-zakladna-studanka\/udrzba-tz-studanka\/","name":"\u00dadr\u017eba - TZ Stud\u00e1nka - Eldor\u00e1do, st\u0159edisko N\u00e1chod","isPartOf":{"@id":"https:\/\/www.eldoradonachod.info\/str\/#website"},"primaryImageOfPage":{"@id":"https:\/\/www.eldoradonachod.info\/str\/taborova-zakladna-studanka\/udrzba-tz-studanka\/#primaryimage"},"image":{"@id":"https:\/\/www.eldoradonachod.info\/str\/taborova-zakladna-studanka\/udrzba-tz-studanka\/#primaryimage"},"thumbnailUrl":"https:\/\/www.eldoradonachod.info\/str\/wp-content\/uploads\/2023\/09\/tabulka.jpg","datePublished":"2023-09-08T16:07:10+00:00","dateModified":"2023-09-10T19:00:03+00:00","breadcrumb":{"@id":"https:\/\/www.eldoradonachod.info\/str\/taborova-zakladna-studanka\/udrzba-tz-studanka\/#breadcrumb"},"inLanguage":"cs","potentialAction":[{"@type":"ReadAction","target":["https:\/\/www.eldoradonachod.info\/str\/taborova-zakladna-studanka\/udrzba-tz-studanka\/"]}]},{"@type":"ImageObject","inLanguage":"cs","@id":"https:\/\/www.eldoradonachod.info\/str\/taborova-zakladna-studanka\/udrzba-tz-studanka\/#primaryimage","url":"https:\/\/www.eldoradonachod.info\/str\/wp-content\/uploads\/2023\/09\/tabulka.jpg","contentUrl":"https:\/\/www.eldoradonachod.info\/str\/wp-content\/uploads\/2023\/09\/tabulka.jpg","width":1559,"height":76},{"@type":"BreadcrumbList","@id":"https:\/\/www.eldoradonachod.info\/str\/taborova-zakladna-studanka\/udrzba-tz-studanka\/#breadcrumb","itemListElement":[{"@type":"ListItem","position":1,"name":"Dom\u016f","item":"https:\/\/www.eldoradonachod.info\/str\/"},{"@type":"ListItem","position":2,"name":"T\u00e1borov\u00e1 z\u00e1kladna &#8211; Stud\u00e1nka","item":"https:\/\/www.eldoradonachod.info\/str\/taborova-zakladna-studanka\/"},{"@type":"ListItem","position":3,"name":"\u00dadr\u017eba &#8211; TZ Stud\u00e1nka"}]},{"@type":"WebSite","@id":"https:\/\/www.eldoradonachod.info\/str\/#website","url":"https:\/\/www.eldoradonachod.info\/str\/","name":"Eldor\u00e1do, st\u0159edisko N\u00e1chod","description":"","publisher":{"@id":"https:\/\/www.eldoradonachod.info\/str\/#organization"},"potentialAction":[{"@type":"SearchAction","target":{"@type":"EntryPoint","urlTemplate":"https:\/\/www.eldoradonachod.info\/str\/?s={search_term_string}"},"query-input":{"@type":"PropertyValueSpecification","valueRequired":true,"valueName":"search_term_string"}}],"inLanguage":"cs"},{"@type":"Organization","@id":"https:\/\/www.eldoradonachod.info\/str\/#organization","name":"Eldor\u00e1do, st\u0159edisko N\u00e1chod","url":"https:\/\/www.eldoradonachod.info\/str\/","logo":{"@type":"ImageObject","inLanguage":"cs","@id":"https:\/\/www.eldoradonachod.info\/str\/#\/schema\/logo\/image\/","url":"https:\/\/www.eldoradonachod.info\/str\/wp-content\/uploads\/2016\/12\/logo.png","contentUrl":"https:\/\/www.eldoradonachod.info\/str\/wp-content\/uploads\/2016\/12\/logo.png","width":205,"height":205,"caption":"Eldor\u00e1do, st\u0159edisko N\u00e1chod"},"image":{"@id":"https:\/\/www.eldoradonachod.info\/str\/#\/schema\/logo\/image\/"},"sameAs":["https:\/\/www.facebook.com\/EldoNachod"]}]}},"_links":{"self":[{"href":"https:\/\/www.eldoradonachod.info\/str\/wp-json\/wp\/v2\/pages\/4789","targetHints":{"allow":["GET"]}}],"collection":[{"href":"https:\/\/www.eldoradonachod.info\/str\/wp-json\/wp\/v2\/pages"}],"about":[{"href":"https:\/\/www.eldoradonachod.info\/str\/wp-json\/wp\/v2\/types\/page"}],"author":[{"embeddable":true,"href":"https:\/\/www.eldoradonachod.info\/str\/wp-json\/wp\/v2\/users\/1"}],"replies":[{"embeddable":true,"href":"https:\/\/www.eldoradonachod.info\/str\/wp-json\/wp\/v2\/comments?post=4789"}],"version-history":[{"count":7,"href":"https:\/\/www.eldoradonachod.info\/str\/wp-json\/wp\/v2\/pages\/4789\/revisions"}],"predecessor-version":[{"id":4806,"href":"https:\/\/www.eldoradonachod.info\/str\/wp-json\/wp\/v2\/pages\/4789\/revisions\/4806"}],"up":[{"embeddable":true,"href":"https:\/\/www.eldoradonachod.info\/str\/wp-json\/wp\/v2\/pages\/1032"}],"wp:attachment":[{"href":"https:\/\/www.eldoradonachod.info\/str\/wp-json\/wp\/v2\/media?parent=4789"}],"curies":[{"name":"wp","href":"https:\/\/api.w.org\/{rel}","templated":true}]}}